{"id":28,"date":"2011-08-03T11:45:39","date_gmt":"2011-08-03T11:45:39","guid":{"rendered":"http:\/\/xn--trdgrd-cuak.ruderus.se\/?page_id=28"},"modified":"2020-09-24T13:02:25","modified_gmt":"2020-09-24T13:02:25","slug":"2010-2","status":"publish","type":"page","link":"https:\/\/xn--trdgrd-cuak.ruderus.se\/?page_id=28","title":{"rendered":"2010"},"content":{"rendered":"<p>\u00c5ret inleds med sn\u00f6, sn\u00f6, sn\u00f6&#8230;.<\/p>\n<p><a href=\"http:\/\/media.xn--trdgrd-cuak.ruderus.se\/2011\/08\/IMG_7289.jpg\"><img loading=\"lazy\" class=\"alignnone wp-image-200 size-thumbnail\" title=\"IMG_7289\" src=\"http:\/\/media.xn--trdgrd-cuak.ruderus.se\/2011\/08\/IMG_7289-150x150.jpg\" width=\"150\" height=\"150\" \/><\/a>\u00a0<a href=\"http:\/\/media.xn--trdgrd-cuak.ruderus.se\/2011\/08\/IMG_73191.jpg\"><img loading=\"lazy\" class=\"alignnone wp-image-201 size-thumbnail\" title=\"IMG_7319\" src=\"http:\/\/media.xn--trdgrd-cuak.ruderus.se\/2011\/08\/IMG_73191-150x150.jpg\" width=\"150\" height=\"150\" \/><\/a>\u00a0<a href=\"http:\/\/media.xn--trdgrd-cuak.ruderus.se\/2011\/08\/IMG_7335.jpg\"><img loading=\"lazy\" class=\"alignnone wp-image-202 size-thumbnail\" title=\"IMG_7335\" src=\"http:\/\/media.xn--trdgrd-cuak.ruderus.se\/2011\/08\/IMG_7335-150x150.jpg\" width=\"150\" height=\"150\" \/><\/a><\/p>\n<p>Aldrig har det v\u00e4l blivit s\u00e5 mycket inneaktiviteter som denna vinter. Vi vill helst inte g\u00e5 ut alls, om vi kan slippa.<\/p>\n<p><a href=\"http:\/\/media.xn--trdgrd-cuak.ruderus.se\/2011\/08\/IMG_73881.jpg\"><img loading=\"lazy\" class=\"alignnone wp-image-203 size-thumbnail\" title=\"IMG_7388\" src=\"http:\/\/media.xn--trdgrd-cuak.ruderus.se\/2011\/08\/IMG_73881-150x150.jpg\" width=\"150\" height=\"150\" \/><\/a>\u00a0<a href=\"http:\/\/media.xn--trdgrd-cuak.ruderus.se\/2011\/08\/IMG_7408.jpg\"><img loading=\"lazy\" class=\"alignnone wp-image-204 size-thumbnail\" title=\"IMG_7408\" src=\"http:\/\/media.xn--trdgrd-cuak.ruderus.se\/2011\/08\/IMG_7408-150x150.jpg\" width=\"150\" height=\"150\" \/><\/a><\/p>\n<p>&nbsp;<\/p>\n<p><strong>Mars 2010<\/strong><\/p>\n<p>Den 6 mars ser det fortfarande ut s\u00e5h\u00e4r! Det finns ingen chans att b\u00f6rja med n\u00e5got slags tr\u00e4dg\u00e5rdsjobb. Alla planer p\u00e5 att k\u00f6ra jord grusas, om man s\u00e4ger s\u00e5&#8230; \ud83d\ude42<\/p>\n<p><a href=\"http:\/\/media.xn--trdgrd-cuak.ruderus.se\/2011\/08\/IMG_7588-e1483364471376.jpg\"><img loading=\"lazy\" class=\"alignnone size-thumbnail wp-image-206\" src=\"http:\/\/media.xn--trdgrd-cuak.ruderus.se\/2011\/08\/IMG_7588-150x150.jpg\" alt=\"\" width=\"150\" height=\"150\" \/><\/a><\/p>\n<p><strong>April 2010\u00a0<\/strong><\/p>\n<p>Den 3 april, eller d\u00e4romkring, tittar n\u00e5gra v\u00e5rblommor fram, som Katarina planterade p\u00e5 h\u00f6stkanten. S\u00e5 snart sn\u00f6n \u00e4r genomtr\u00e4nglig kommer dock r\u00e5djuren och knaprar av alla krokusar&#8230;<\/p>\n<p><a href=\"http:\/\/media.xn--trdgrd-cuak.ruderus.se\/2011\/08\/IMG_8135-e1483364488816.jpg\"><img loading=\"lazy\" class=\"alignnone size-thumbnail wp-image-209\" src=\"http:\/\/media.xn--trdgrd-cuak.ruderus.se\/2011\/08\/IMG_8135-150x150.jpg\" alt=\"\" width=\"150\" height=\"150\" \/><\/a>\u00a0<a href=\"http:\/\/media.xn--trdgrd-cuak.ruderus.se\/2011\/08\/IMG_7648.jpg\"><img loading=\"lazy\" class=\"alignnone\" title=\"IMG_7648\" src=\"http:\/\/media.xn--trdgrd-cuak.ruderus.se\/2011\/08\/IMG_7648-150x150.jpg\" width=\"150\" height=\"150\" \/><\/a>\u00a0\u00a0<a href=\"http:\/\/media.xn--trdgrd-cuak.ruderus.se\/2011\/08\/IMG_7666.jpg\"><img loading=\"lazy\" class=\"alignnone\" title=\"IMG_7666\" src=\"http:\/\/media.xn--trdgrd-cuak.ruderus.se\/2011\/08\/IMG_7666-150x150.jpg\" width=\"150\" height=\"150\" \/><\/a><a href=\"http:\/\/media.xn--trdgrd-cuak.ruderus.se\/2011\/08\/IMG_7660.jpg\"><img loading=\"lazy\" class=\"alignnone\" title=\"IMG_7660\" src=\"http:\/\/media.xn--trdgrd-cuak.ruderus.se\/2011\/08\/IMG_7660-150x150.jpg\" width=\"150\" height=\"150\" \/><\/a><\/p>\n<p>Utomhusfika i den bleka v\u00e5rsolens glans. Brrr. Matte, kan vi inte f\u00e5 g\u00e5 in nu??<\/p>\n<p>Vi syssels\u00e4tter oss med att klyva ved. Den 15 maj\u00a0\u00e4r det fortfarande ingen v\u00e4rme i luften, och egentligen inga tecken p\u00e5 att det kommer att bli varmare.<\/p>\n<p><a href=\"http:\/\/media.xn--trdgrd-cuak.ruderus.se\/2011\/08\/IMG_81421.jpg\"><img loading=\"lazy\" class=\"alignnone wp-image-223 size-thumbnail\" title=\"IMG_8142\" src=\"http:\/\/media.xn--trdgrd-cuak.ruderus.se\/2011\/08\/IMG_81421-150x150.jpg\" width=\"150\" height=\"150\" \/><\/a>\u00a0\u00a0<a href=\"http:\/\/media.xn--trdgrd-cuak.ruderus.se\/2011\/08\/IMG_86981.jpg\"><img loading=\"lazy\" class=\"alignnone\" title=\"IMG_8698\" src=\"http:\/\/media.xn--trdgrd-cuak.ruderus.se\/2011\/08\/IMG_86981-150x150.jpg\" width=\"150\" height=\"150\" \/><\/a>\u00a0 <a href=\"http:\/\/media.xn--trdgrd-cuak.ruderus.se\/2011\/08\/IMG_8699.jpg\"><img loading=\"lazy\" class=\"alignnone size-thumbnail wp-image-211\" src=\"http:\/\/media.xn--trdgrd-cuak.ruderus.se\/2011\/08\/IMG_8699-150x150.jpg\" alt=\"\" width=\"150\" height=\"150\" \/><\/a><\/p>\n<p><strong>Juni 2010<\/strong><\/p>\n<p>Midsommar&#8230;.. Vi har satt upp ett vindskydd p\u00e5 s\u00f6dra sidan om huset, f\u00f6r h\u00e4r p\u00e5 \u00f6n \u00e4r det ganska bl\u00e5sigt.<\/p>\n<p><a href=\"http:\/\/media.xn--trdgrd-cuak.ruderus.se\/2011\/08\/IMG_9049.jpg\"><img loading=\"lazy\" class=\"alignnone wp-image-213 size-thumbnail\" title=\"IMG_9049\" src=\"http:\/\/media.xn--trdgrd-cuak.ruderus.se\/2011\/08\/IMG_9049-150x150.jpg\" width=\"150\" height=\"150\" \/><\/a>\u00a0<a href=\"http:\/\/media.xn--trdgrd-cuak.ruderus.se\/2011\/08\/IMG_9054.jpg\"><img loading=\"lazy\" class=\"alignnone wp-image-214 size-thumbnail\" title=\"IMG_9054\" src=\"http:\/\/media.xn--trdgrd-cuak.ruderus.se\/2011\/08\/IMG_9054-150x150.jpg\" width=\"150\" height=\"150\" \/><\/a><\/p>\n<p>V\u00e5ra &#8221;v\u00e4nner&#8221; fr\u00e5n skogen, dom som inte kan l\u00e5ta bli v\u00e5ra krokusar och annat. R\u00e5djursmamman har tv\u00e5 kid med sig.<\/p>\n<p><span class=\"Apple-style-span\" style=\"color: #000000; font-family: Georgia, 'Times New Roman', 'Bitstream Charter', Times, serif; font-size: 12px; line-height: 18px;\"><a href=\"http:\/\/media.xn--trdgrd-cuak.ruderus.se\/2011\/08\/IMG_9102-e1483366704556.jpg\"><img loading=\"lazy\" class=\"alignnone size-thumbnail wp-image-216\" src=\"http:\/\/media.xn--trdgrd-cuak.ruderus.se\/2011\/08\/IMG_9102-150x150.jpg\" alt=\"\" width=\"150\" height=\"150\" \/><\/a><\/span><\/p>\n<p>&nbsp;<\/p>\n<p><strong>Juli 2010<\/strong><\/p>\n<p>I slutet p\u00e5 juni och b\u00f6rjan p\u00e5 juli kan vi konstatera att det i varje fall h\u00e4nt en del i rabatten p\u00e5 s\u00f6dersidan. Likas\u00e5 har gr\u00e4smattan tagit sig ner mot v\u00e4gen till. Visst \u00e4r det skillnad om man t\u00e4nker p\u00e5 hur det s\u00e5g ut f\u00f6r ett \u00e5r sedan, med alla tistlarna!<\/p>\n<p><a href=\"http:\/\/media.xn--trdgrd-cuak.ruderus.se\/2011\/08\/IMG_9037.jpg\"><img loading=\"lazy\" class=\"alignnone wp-image-224 size-thumbnail\" title=\"IMG_9037\" src=\"http:\/\/media.xn--trdgrd-cuak.ruderus.se\/2011\/08\/IMG_9037-150x150.jpg\" width=\"150\" height=\"150\" \/><\/a>\u00a0<a href=\"http:\/\/media.xn--trdgrd-cuak.ruderus.se\/2011\/08\/IMG_9131.jpg\"><img loading=\"lazy\" class=\"alignnone wp-image-217 size-thumbnail\" title=\"IMG_9131\" src=\"http:\/\/media.xn--trdgrd-cuak.ruderus.se\/2011\/08\/IMG_9131-150x150.jpg\" width=\"150\" height=\"150\" \/><\/a>\u00a0<a href=\"http:\/\/media.xn--trdgrd-cuak.ruderus.se\/2011\/08\/IMG_9154.jpg\"><img loading=\"lazy\" class=\"alignnone wp-image-218 size-thumbnail\" title=\"IMG_9154\" src=\"http:\/\/media.xn--trdgrd-cuak.ruderus.se\/2011\/08\/IMG_9154-150x150.jpg\" width=\"150\" height=\"150\" \/><\/a><\/p>\n<p>Katarina tvingar H\u00e5kan att inleda projektet &#8221;organisera i garaget&#8221;. Med gemensamma krafter lyckas vi (s\u00e5klart!) f\u00e5 ordning och reda. Allt blir sorterat, en del kastas, och ordningen blir total. Nu har herrn i huset till och med sorterat alla skruvar och spikar&#8230;<\/p>\n<p>\ud83d\ude09<\/p>\n<p><a href=\"http:\/\/media.xn--trdgrd-cuak.ruderus.se\/2011\/08\/IMG_9160.jpg\"><img loading=\"lazy\" class=\"alignnone wp-image-225 size-thumbnail\" title=\"IMG_9160\" src=\"http:\/\/media.xn--trdgrd-cuak.ruderus.se\/2011\/08\/IMG_9160-150x150.jpg\" width=\"150\" height=\"150\" \/><\/a>\u00a0<a href=\"http:\/\/media.xn--trdgrd-cuak.ruderus.se\/2011\/08\/IMG_9163.jpg\"><img loading=\"lazy\" class=\"alignnone wp-image-226 size-thumbnail\" title=\"IMG_9163\" src=\"http:\/\/media.xn--trdgrd-cuak.ruderus.se\/2011\/08\/IMG_9163-150x150.jpg\" width=\"150\" height=\"150\" \/><\/a>\u00a0<a href=\"http:\/\/media.xn--trdgrd-cuak.ruderus.se\/2011\/08\/IMG_9166.jpg\"><img loading=\"lazy\" class=\"alignnone wp-image-221 size-thumbnail\" title=\"IMG_9166\" src=\"http:\/\/media.xn--trdgrd-cuak.ruderus.se\/2011\/08\/IMG_9166-150x150.jpg\" width=\"150\" height=\"150\" \/><\/a><\/p>\n<p>\u00c4nnu ett projekt startar vi, att l\u00e4gga en stenkant i nederkanten p\u00e5 s\u00f6dra rabatten. Stenar har vi (dessv\u00e4rre) gott om p\u00e5 tomten. Var man \u00e4n f\u00f6rs\u00f6ker s\u00e4tta en spade i jorden st\u00f6ter man alltid ihop med en sten eller tv\u00e5 eller&#8230;<\/p>\n<p><a href=\"http:\/\/media.xn--trdgrd-cuak.ruderus.se\/2011\/08\/IMG_9172.jpg\"><img loading=\"lazy\" class=\"alignnone wp-image-228 size-thumbnail\" title=\"IMG_9172\" src=\"http:\/\/media.xn--trdgrd-cuak.ruderus.se\/2011\/08\/IMG_9172-150x150.jpg\" width=\"150\" height=\"150\" \/><\/a>\u00a0<a href=\"http:\/\/media.xn--trdgrd-cuak.ruderus.se\/2011\/08\/IMG_9174.jpg\"><img loading=\"lazy\" class=\"alignnone wp-image-229 size-thumbnail\" title=\"IMG_9174\" src=\"http:\/\/media.xn--trdgrd-cuak.ruderus.se\/2011\/08\/IMG_9174-150x150.jpg\" width=\"150\" height=\"150\" \/><\/a>\u00a0<a href=\"http:\/\/media.xn--trdgrd-cuak.ruderus.se\/2011\/08\/IMG_9181.jpg\"><img loading=\"lazy\" class=\"alignnone wp-image-219 size-thumbnail\" title=\"IMG_9181\" src=\"http:\/\/media.xn--trdgrd-cuak.ruderus.se\/2011\/08\/IMG_9181-150x150.jpg\" width=\"150\" height=\"150\" \/><\/a><\/p>\n<p>En vilopaus i nyink\u00f6pta solstolar, mysigt!<\/p>\n<p><span class=\"Apple-style-span\" style=\"color: #000000; font-family: Georgia, 'Times New Roman', 'Bitstream Charter', Times, serif; font-size: 12px; line-height: 18px;\"><a href=\"http:\/\/media.xn--trdgrd-cuak.ruderus.se\/2011\/08\/IMG_0676-e1483366800690.jpg\"><img loading=\"lazy\" class=\"alignnone size-thumbnail wp-image-230\" src=\"http:\/\/media.xn--trdgrd-cuak.ruderus.se\/2011\/08\/IMG_0676-150x150.jpg\" alt=\"\" width=\"150\" height=\"150\" \/><\/a><\/span><\/p>\n<p>Vi f\u00e5r mycket blommor och buskar av sl\u00e4kt och v\u00e4nner denna sommar, vi petar ner det mesta i v\u00e5r (hittills) enda rabatt.<\/p>\n<p><a href=\"http:\/\/media.xn--trdgrd-cuak.ruderus.se\/2011\/08\/IMG_9175.jpg\"><img loading=\"lazy\" class=\"alignnone wp-image-231 size-thumbnail\" title=\"IMG_9175\" src=\"http:\/\/media.xn--trdgrd-cuak.ruderus.se\/2011\/08\/IMG_9175-150x150.jpg\" width=\"150\" height=\"150\" \/><\/a>\u00a0<a href=\"http:\/\/media.xn--trdgrd-cuak.ruderus.se\/2011\/08\/IMG_9176.jpg\"><img loading=\"lazy\" class=\"alignnone wp-image-232 size-thumbnail\" title=\"IMG_9176\" src=\"http:\/\/media.xn--trdgrd-cuak.ruderus.se\/2011\/08\/IMG_9176-150x150.jpg\" width=\"150\" height=\"150\" \/><\/a>\u00a0<a href=\"http:\/\/media.xn--trdgrd-cuak.ruderus.se\/2011\/08\/IMG_9150.jpg\"><img loading=\"lazy\" class=\"alignnone wp-image-234 size-thumbnail\" title=\"IMG_9150\" src=\"http:\/\/media.xn--trdgrd-cuak.ruderus.se\/2011\/08\/IMG_9150-150x150.jpg\" width=\"150\" height=\"150\" \/><\/a><\/p>\n<p>&nbsp;<\/p>\n<p><strong>September 2010<\/strong><\/p>\n<p>H\u00f6sten b\u00f6rjar nalkas. Men \u00e4nnu finns det dagar d\u00e5 man kan njuta av att sitta ute. V\u00e4ldigt bekv\u00e4ma stolar detta!<\/p>\n<p><a href=\"http:\/\/media.xn--trdgrd-cuak.ruderus.se\/2011\/08\/IMG_9476-e1483366854302.jpg\"><img loading=\"lazy\" class=\"alignnone size-thumbnail wp-image-236\" src=\"http:\/\/media.xn--trdgrd-cuak.ruderus.se\/2011\/08\/IMG_9476-150x150.jpg\" alt=\"\" width=\"150\" height=\"150\" \/><\/a><\/p>\n<p>&nbsp;<\/p>\n<p><a href=\"http:\/\/media.xn--trdgrd-cuak.ruderus.se\/2011\/08\/IMG_9589.jpg\"><img loading=\"lazy\" class=\"alignnone wp-image-238 size-thumbnail\" title=\"IMG_9589\" src=\"http:\/\/media.xn--trdgrd-cuak.ruderus.se\/2011\/08\/IMG_9589-150x150.jpg\" width=\"150\" height=\"150\" \/><\/a><\/p>\n<p>Det \u00e4r ett svamp\u00e5r i \u00e5r, vi hittar mycket av b\u00e5de vanlig kantarell och trattkantarell.<\/p>\n<p><strong>Oktober 2010<\/strong><\/p>\n<p>I b\u00f6rjan p\u00e5 oktober m\u00e5nad f\u00e5r vi en hel massa syr\u00e9n- och ligusterplantor. Syr\u00e9nerna planteras utmed tomtgr\u00e4nsen ner mot v\u00e4gen, och ligusterh\u00e4cken planteras kring en del av terassen. Det \u00e4r ett tungt jobb, men det blir nog ett bra resultat p\u00e5 sikt. Om n\u00e5gra \u00e5r eller s\u00e5. \ud83d\ude09<\/p>\n<p><a href=\"http:\/\/media.xn--trdgrd-cuak.ruderus.se\/2011\/08\/IMG_9667.jpg\"><img loading=\"lazy\" class=\"alignnone wp-image-239 size-thumbnail\" title=\"IMG_9667\" src=\"http:\/\/media.xn--trdgrd-cuak.ruderus.se\/2011\/08\/IMG_9667-150x150.jpg\" width=\"150\" height=\"150\" \/><\/a>\u00a0<a href=\"http:\/\/media.xn--trdgrd-cuak.ruderus.se\/2011\/08\/IMG_9672.jpg\"><img loading=\"lazy\" class=\"alignnone wp-image-240 size-thumbnail\" title=\"IMG_9672\" src=\"http:\/\/media.xn--trdgrd-cuak.ruderus.se\/2011\/08\/IMG_9672-150x150.jpg\" width=\"150\" height=\"150\" \/><\/a>\u00a0<a href=\"http:\/\/media.xn--trdgrd-cuak.ruderus.se\/2011\/08\/IMG_9679.jpg\"><img loading=\"lazy\" class=\"alignnone wp-image-241 size-thumbnail\" title=\"IMG_9679\" src=\"http:\/\/media.xn--trdgrd-cuak.ruderus.se\/2011\/08\/IMG_9679-150x150.jpg\" width=\"150\" height=\"150\" \/><\/a>\u00a0<a href=\"http:\/\/media.xn--trdgrd-cuak.ruderus.se\/2011\/08\/IMG_9682.jpg\"><img loading=\"lazy\" class=\"alignnone wp-image-242 size-thumbnail\" title=\"IMG_9682\" src=\"http:\/\/media.xn--trdgrd-cuak.ruderus.se\/2011\/08\/IMG_9682-150x150.jpg\" width=\"150\" height=\"150\" \/><\/a><\/p>\n<p><a href=\"http:\/\/media.xn--trdgrd-cuak.ruderus.se\/2011\/08\/IMG_9686.jpg\"><img loading=\"lazy\" class=\"alignnone wp-image-243 size-thumbnail\" title=\"IMG_9686\" src=\"http:\/\/media.xn--trdgrd-cuak.ruderus.se\/2011\/08\/IMG_9686-150x150.jpg\" width=\"150\" height=\"150\" \/><\/a>\u00a0<a href=\"http:\/\/media.xn--trdgrd-cuak.ruderus.se\/2011\/08\/IMG_9688.jpg\"><img loading=\"lazy\" class=\"alignnone wp-image-244 size-thumbnail\" title=\"IMG_9688\" src=\"http:\/\/media.xn--trdgrd-cuak.ruderus.se\/2011\/08\/IMG_9688-150x150.jpg\" width=\"150\" height=\"150\" \/><\/a><\/p>\n<p><strong>November -december 2010<\/strong><\/p>\n<p>S\u00e5 kommer vintern igen. Sn\u00f6n kommer tidigt, och det kommer mycket sn\u00f6 i \u00e5r igen. Hur var det nu med sn\u00f6slungan? Vi f\u00f6rs\u00f6ker f\u00e5 tag p\u00e5 en s\u00e5dan, men allt \u00e4r sluts\u00e5lt. Vi \u00e4r f\u00f6r sent ute. Men n\u00e4sta \u00e5r, d\u00e5&#8230;.<\/p>\n<p><a href=\"http:\/\/media.xn--trdgrd-cuak.ruderus.se\/2011\/08\/MG_0483.jpg\"><img loading=\"lazy\" class=\"alignnone wp-image-250 size-thumbnail\" title=\"_MG_0483\" src=\"http:\/\/media.xn--trdgrd-cuak.ruderus.se\/2011\/08\/MG_0483-150x150.jpg\" width=\"150\" height=\"150\" \/><\/a>\u00a0<a href=\"http:\/\/media.xn--trdgrd-cuak.ruderus.se\/2011\/08\/MG_0590.jpg\"><img loading=\"lazy\" class=\"alignnone wp-image-251 size-thumbnail\" title=\"_MG_0590\" src=\"http:\/\/media.xn--trdgrd-cuak.ruderus.se\/2011\/08\/MG_0590-150x150.jpg\" width=\"150\" height=\"150\" \/><\/a><\/p>\n<p>Och s\u00e5 kommer julen! Katarina bakar julbr\u00f6d, och katterna jul-dekoreras mer eller mindre frivilligt. Sett s\u00e5h\u00e4r i backspegeln har vi ju hunnit en hel del \u00e4ven detta \u00e5r!<\/p>\n<p><a href=\"http:\/\/media.xn--trdgrd-cuak.ruderus.se\/2011\/08\/MG_0600.jpg\"><img loading=\"lazy\" class=\"alignnone wp-image-252 size-thumbnail\" title=\"_MG_0600\" src=\"http:\/\/media.xn--trdgrd-cuak.ruderus.se\/2011\/08\/MG_0600-150x150.jpg\" width=\"150\" height=\"150\" \/><\/a>\u00a0<a href=\"http:\/\/media.xn--trdgrd-cuak.ruderus.se\/2011\/08\/MG_0609.jpg\"><img loading=\"lazy\" class=\"alignnone wp-image-253 size-thumbnail\" title=\"_MG_0609\" src=\"http:\/\/media.xn--trdgrd-cuak.ruderus.se\/2011\/08\/MG_0609-150x150.jpg\" width=\"150\" height=\"150\" \/><\/a>\u00a0<a href=\"http:\/\/media.xn--trdgrd-cuak.ruderus.se\/2011\/08\/MG_0684.jpg\"><img loading=\"lazy\" class=\"alignnone wp-image-254 size-thumbnail\" title=\"_MG_0684\" src=\"http:\/\/media.xn--trdgrd-cuak.ruderus.se\/2011\/08\/MG_0684-150x150.jpg\" width=\"150\" height=\"150\" \/><\/a><\/p>\n<p>&nbsp;<\/p>\n<p>&nbsp;<\/p>\n<p>&nbsp;<\/p>\n","protected":false},"excerpt":{"rendered":"<p>\u00c5ret inleds med sn\u00f6, sn\u00f6, sn\u00f6&#8230;. \u00a0\u00a0 Aldrig har det v\u00e4l blivit s\u00e5 mycket inneaktiviteter som denna vinter. Vi vill helst inte g\u00e5 ut alls, om vi kan slippa. \u00a0 &nbsp; Mars 2010 Den 6 mars ser det fortfarande ut &hellip; <a href=\"https:\/\/xn--trdgrd-cuak.ruderus.se\/?page_id=28\">Forts\u00e4tt l\u00e4sa <span class=\"meta-nav\">&rarr;<\/span><\/a><\/p>\n","protected":false},"author":1,"featured_media":0,"parent":0,"menu_order":0,"comment_status":"closed","ping_status":"closed","template":"","meta":[],"_links":{"self":[{"href":"https:\/\/xn--trdgrd-cuak.ruderus.se\/index.php?rest_route=\/wp\/v2\/pages\/28"}],"collection":[{"href":"https:\/\/xn--trdgrd-cuak.ruderus.se\/index.php?rest_route=\/wp\/v2\/pages"}],"about":[{"href":"https:\/\/xn--trdgrd-cuak.ruderus.se\/index.php?rest_route=\/wp\/v2\/types\/page"}],"author":[{"embeddable":true,"href":"https:\/\/xn--trdgrd-cuak.ruderus.se\/index.php?rest_route=\/wp\/v2\/users\/1"}],"replies":[{"embeddable":true,"href":"https:\/\/xn--trdgrd-cuak.ruderus.se\/index.php?rest_route=%2Fwp%2Fv2%2Fcomments&post=28"}],"version-history":[{"count":32,"href":"https:\/\/xn--trdgrd-cuak.ruderus.se\/index.php?rest_route=\/wp\/v2\/pages\/28\/revisions"}],"predecessor-version":[{"id":5309,"href":"https:\/\/xn--trdgrd-cuak.ruderus.se\/index.php?rest_route=\/wp\/v2\/pages\/28\/revisions\/5309"}],"wp:attachment":[{"href":"https:\/\/xn--trdgrd-cuak.ruderus.se\/index.php?rest_route=%2Fwp%2Fv2%2Fmedia&parent=28"}],"curies":[{"name":"wp","href":"https:\/\/api.w.org\/{rel}","templated":true}]}}