{"id":5566,"date":"2022-04-03T12:57:11","date_gmt":"2022-04-03T12:57:11","guid":{"rendered":"http:\/\/xn--trdgrd-cuak.ruderus.se\/?page_id=5566"},"modified":"2022-10-08T17:22:14","modified_gmt":"2022-10-08T17:22:14","slug":"2022-2","status":"publish","type":"page","link":"https:\/\/xn--trdgrd-cuak.ruderus.se\/?page_id=5566","title":{"rendered":"2022"},"content":{"rendered":"<p><strong>L\u00f6rdag 4 juni<\/strong><br \/>\nN\u00e5gra &#8221;f\u00f6re&#8221;-bilder p\u00e5 rabatten. Nu s\u00e4tter vi ig\u00e5ng!<br \/>\n<a href=\"http:\/\/media.xn--trdgrd-cuak.ruderus.se\/2022\/10\/IMG_7133-scaled-e1665249639820.jpg\"><img loading=\"lazy\" class=\"alignnone size-thumbnail wp-image-5639\" src=\"http:\/\/media.xn--trdgrd-cuak.ruderus.se\/2022\/10\/IMG_7133-scaled-e1665249639820-150x150.jpg\" alt=\"\" width=\"150\" height=\"150\" \/><\/a> <a href=\"http:\/\/media.xn--trdgrd-cuak.ruderus.se\/2022\/10\/IMG_7134-scaled-e1665249717826.jpg\"><img loading=\"lazy\" class=\"alignnone size-thumbnail wp-image-5640\" src=\"http:\/\/media.xn--trdgrd-cuak.ruderus.se\/2022\/10\/IMG_7134-scaled-e1665249717826-150x150.jpg\" alt=\"\" width=\"150\" height=\"150\" \/><\/a><\/p>\n<p><strong>Fredag 3 juni<\/strong><br \/>\nGurka! Vi vet det inte nu, men det ska komma att bli ett gurk-\u00e5r utan dess like! Vi kommer att i desperation dela ut gurkor till h\u00f6ger och v\u00e4nster, samtidigt som vi \u00e4ter gurka i stora m\u00e4ngder sj\u00e4lva&#8230;<br \/>\n<a href=\"http:\/\/media.xn--trdgrd-cuak.ruderus.se\/2022\/10\/IMG_7128-scaled-e1665248654230.jpg\"><img loading=\"lazy\" class=\"alignnone size-thumbnail wp-image-5637\" src=\"http:\/\/media.xn--trdgrd-cuak.ruderus.se\/2022\/10\/IMG_7128-scaled-e1665248654230-150x150.jpg\" alt=\"\" width=\"150\" height=\"150\" \/><\/a><\/p>\n<p><strong>L\u00f6rdag 28 maj<\/strong><br \/>\nDags att s\u00e5 lite i pallkragarna. Mor\u00f6tter, palsternacka, dill, fenkol, mm.<br \/>\n<a href=\"http:\/\/media.xn--trdgrd-cuak.ruderus.se\/2022\/10\/IMG_7070-scaled-e1665248508458.jpg\"><img loading=\"lazy\" class=\"alignnone size-thumbnail wp-image-5635\" src=\"http:\/\/media.xn--trdgrd-cuak.ruderus.se\/2022\/10\/IMG_7070-scaled-e1665248508458-150x150.jpg\" alt=\"\" width=\"150\" height=\"150\" \/><\/a><\/p>\n<p><strong>Fredag 27 maj<\/strong><br \/>\nV\u00e4xthuset b\u00f6rjar bli v\u00e4lfyllt.<br \/>\n<a href=\"http:\/\/media.xn--trdgrd-cuak.ruderus.se\/2022\/10\/IMG_7061-scaled-e1665248323912.jpg\"><img loading=\"lazy\" class=\"alignnone size-thumbnail wp-image-5632\" src=\"http:\/\/media.xn--trdgrd-cuak.ruderus.se\/2022\/10\/IMG_7061-scaled-e1665248323912-150x150.jpg\" alt=\"\" width=\"150\" height=\"150\" \/><\/a> <a href=\"http:\/\/media.xn--trdgrd-cuak.ruderus.se\/2022\/10\/IMG_7062-scaled-e1665248342547.jpg\"><img loading=\"lazy\" class=\"alignnone size-thumbnail wp-image-5633\" src=\"http:\/\/media.xn--trdgrd-cuak.ruderus.se\/2022\/10\/IMG_7062-scaled-e1665248342547-150x150.jpg\" alt=\"\" width=\"150\" height=\"150\" \/><\/a><\/p>\n<p><strong>Onsdag 25 maj<\/strong><br \/>\nVi best\u00e4ller Weibulls planteringsjord i stors\u00e4ck. Tv\u00e5 stycken ska v\u00e4l r\u00e4cka till rabatten?<br \/>\n<a href=\"http:\/\/media.xn--trdgrd-cuak.ruderus.se\/2022\/10\/IMG_7025-scaled-e1665248115705.jpg\"><img loading=\"lazy\" class=\"alignnone size-thumbnail wp-image-5630\" src=\"http:\/\/media.xn--trdgrd-cuak.ruderus.se\/2022\/10\/IMG_7025-scaled-e1665248115705-150x150.jpg\" alt=\"\" width=\"150\" height=\"150\" \/><\/a><\/p>\n<p><strong>Tisdag 24 maj<\/strong><br \/>\nGurka p\u00e5 g\u00e5ng, om \u00e4n v\u00e4ldigt liten!<br \/>\n<a href=\"http:\/\/media.xn--trdgrd-cuak.ruderus.se\/2022\/10\/IMG_7024-scaled-e1665247940446.jpg\"><img loading=\"lazy\" class=\"alignnone size-thumbnail wp-image-5628\" src=\"http:\/\/media.xn--trdgrd-cuak.ruderus.se\/2022\/10\/IMG_7024-scaled-e1665247940446-150x150.jpg\" alt=\"\" width=\"150\" height=\"150\" \/><\/a><\/p>\n<p><strong>Fredag 20 maj<\/strong><br \/>\nEn f\u00f6rsta blomma p\u00e5 gurkplanta! Bananplantor separeras och s\u00e4tts i nya krukor, och vi s\u00e5r basilika och diverse annat!<br \/>\n<a href=\"http:\/\/media.xn--trdgrd-cuak.ruderus.se\/2022\/10\/IMG_6999-scaled-e1665247109745.jpg\"><img loading=\"lazy\" class=\"alignnone size-thumbnail wp-image-5622\" src=\"http:\/\/media.xn--trdgrd-cuak.ruderus.se\/2022\/10\/IMG_6999-scaled-e1665247109745-150x150.jpg\" alt=\"\" width=\"150\" height=\"150\" \/><\/a>\u00a0<a href=\"http:\/\/media.xn--trdgrd-cuak.ruderus.se\/2022\/10\/IMG_7002-scaled-e1665247182450.jpg\"><img loading=\"lazy\" class=\"alignnone size-thumbnail wp-image-5623\" src=\"http:\/\/media.xn--trdgrd-cuak.ruderus.se\/2022\/10\/IMG_7002-scaled-e1665247182450-150x150.jpg\" alt=\"\" width=\"150\" height=\"150\" \/><\/a> <a href=\"http:\/\/media.xn--trdgrd-cuak.ruderus.se\/2022\/10\/IMG_7004-scaled-e1665247249984.jpg\"><img loading=\"lazy\" class=\"alignnone size-thumbnail wp-image-5624\" src=\"http:\/\/media.xn--trdgrd-cuak.ruderus.se\/2022\/10\/IMG_7004-scaled-e1665247249984-150x150.jpg\" alt=\"\" width=\"150\" height=\"150\" \/> <\/a><a href=\"http:\/\/media.xn--trdgrd-cuak.ruderus.se\/2022\/10\/IMG_7008-scaled-e1665247357909.jpg\"><img loading=\"lazy\" class=\"alignnone size-thumbnail wp-image-5626\" src=\"http:\/\/media.xn--trdgrd-cuak.ruderus.se\/2022\/10\/IMG_7008-scaled-e1665247357909-150x150.jpg\" alt=\"\" width=\"150\" height=\"150\" \/><\/a><\/p>\n<p><strong>L\u00f6rdag 14 maj<\/strong><br \/>\nS\u00e5 fint det blommar!<br \/>\n<a href=\"http:\/\/media.xn--trdgrd-cuak.ruderus.se\/2022\/10\/IMG_6968-scaled-e1665246987690.jpg\"><img loading=\"lazy\" class=\"alignnone size-thumbnail wp-image-5620\" src=\"http:\/\/media.xn--trdgrd-cuak.ruderus.se\/2022\/10\/IMG_6968-scaled-e1665246987690-150x150.jpg\" alt=\"\" width=\"150\" height=\"150\" \/><\/a><\/p>\n<p><strong>Fredag 13 maj<\/strong><br \/>\nJag har k\u00f6pt bl\u00e5b\u00e4r via n\u00e4tet, som ser n\u00e5got ankomna ut n\u00e4r jag packar upp dem. Vi f\u00e5r se om de tar sig! Nya sommarblommor planteras i utekrukorna vid entr\u00e9n.<br \/>\n<a href=\"http:\/\/media.xn--trdgrd-cuak.ruderus.se\/2022\/10\/IMG_6962-scaled-e1665246606831.jpg\"><img loading=\"lazy\" class=\"alignnone size-thumbnail wp-image-5616\" src=\"http:\/\/media.xn--trdgrd-cuak.ruderus.se\/2022\/10\/IMG_6962-scaled-e1665246606831-150x150.jpg\" alt=\"\" width=\"150\" height=\"150\" \/><\/a> <a href=\"http:\/\/media.xn--trdgrd-cuak.ruderus.se\/2022\/10\/IMG_6965-scaled-e1665246692940.jpg\"><img loading=\"lazy\" class=\"alignnone size-thumbnail wp-image-5617\" src=\"http:\/\/media.xn--trdgrd-cuak.ruderus.se\/2022\/10\/IMG_6965-scaled-e1665246692940-150x150.jpg\" alt=\"\" width=\"150\" height=\"150\" \/><\/a> <a href=\"http:\/\/media.xn--trdgrd-cuak.ruderus.se\/2022\/10\/IMG_6966-scaled-e1665246814311.jpg\"><img loading=\"lazy\" class=\"alignnone size-thumbnail wp-image-5618\" src=\"http:\/\/media.xn--trdgrd-cuak.ruderus.se\/2022\/10\/IMG_6966-scaled-e1665246814311-150x150.jpg\" alt=\"\" width=\"150\" height=\"150\" \/><\/a><\/p>\n<p><strong>S\u00f6ndag 8 maj<\/strong><br \/>\nDiverse fixande med pallkragarna!<br \/>\n<a href=\"http:\/\/media.xn--trdgrd-cuak.ruderus.se\/2022\/10\/IMG_6950-scaled-e1665246500150.jpg\"><img loading=\"lazy\" class=\"alignnone size-thumbnail wp-image-5614\" src=\"http:\/\/media.xn--trdgrd-cuak.ruderus.se\/2022\/10\/IMG_6950-scaled-e1665246500150-150x150.jpg\" alt=\"\" width=\"150\" height=\"150\" \/><\/a><\/p>\n<p><strong>L\u00f6rdag 7 maj<\/strong><br \/>\nDet fylls p\u00e5 i v\u00e4xthuset, d\u00e4r vi ocks\u00e5 har lite extra v\u00e4rme p\u00e5 n\u00e4tterna \u00e4n s\u00e5 l\u00e4nge.<br \/>\n<a href=\"http:\/\/media.xn--trdgrd-cuak.ruderus.se\/2022\/10\/IMG_6945-scaled-e1665245771154.jpg\"><img loading=\"lazy\" class=\"alignnone size-thumbnail wp-image-5610\" src=\"http:\/\/media.xn--trdgrd-cuak.ruderus.se\/2022\/10\/IMG_6945-scaled-e1665245771154-150x150.jpg\" alt=\"\" width=\"150\" height=\"150\" \/><\/a> <a href=\"http:\/\/media.xn--trdgrd-cuak.ruderus.se\/2022\/10\/IMG_6946-scaled-e1665245839380.jpg\"><img loading=\"lazy\" class=\"alignnone size-thumbnail wp-image-5611\" src=\"http:\/\/media.xn--trdgrd-cuak.ruderus.se\/2022\/10\/IMG_6946-scaled-e1665245839380-150x150.jpg\" alt=\"\" width=\"150\" height=\"150\" \/><\/a><\/p>\n<p><strong>L\u00f6rdag 23 april<\/strong><br \/>\nVi g\u00f6r snyggt i &#8221;Pr\u00e4stkragerabatten&#8221;. T\u00e4nker att jag ska ta ett tag med rabatten p\u00e5 s\u00f6dra sidan i \u00e5r. Rensa ordentligt, fylla p\u00e5 med ny jord och plantera nya v\u00e4xter.<br \/>\n<a href=\"http:\/\/media.xn--trdgrd-cuak.ruderus.se\/2022\/10\/IMG_6723-scaled-e1665245415746.jpg\"><img loading=\"lazy\" class=\"alignnone size-thumbnail wp-image-5607\" src=\"http:\/\/media.xn--trdgrd-cuak.ruderus.se\/2022\/10\/IMG_6723-scaled-e1665245415746-150x150.jpg\" alt=\"\" width=\"150\" height=\"150\" \/><\/a> <a href=\"http:\/\/media.xn--trdgrd-cuak.ruderus.se\/2022\/10\/IMG_6724-scaled-e1665245429265.jpg\"><img loading=\"lazy\" class=\"alignnone size-thumbnail wp-image-5608\" src=\"http:\/\/media.xn--trdgrd-cuak.ruderus.se\/2022\/10\/IMG_6724-scaled-e1665245429265-150x150.jpg\" alt=\"\" width=\"150\" height=\"150\" \/><\/a><\/p>\n<p><strong>M\u00e5ndag 18 april<\/strong><br \/>\nNedklippta och med ny jord f\u00e5r pelargonerna flytta ut i v\u00e4xthuset.<br \/>\n<a href=\"http:\/\/media.xn--trdgrd-cuak.ruderus.se\/2022\/10\/IMG_6696-scaled-e1665245107581.jpg\"><img loading=\"lazy\" class=\"alignnone size-thumbnail wp-image-5603\" src=\"http:\/\/media.xn--trdgrd-cuak.ruderus.se\/2022\/10\/IMG_6696-scaled-e1665245107581-150x150.jpg\" alt=\"\" width=\"150\" height=\"150\" \/><\/a> <a href=\"http:\/\/media.xn--trdgrd-cuak.ruderus.se\/2022\/10\/IMG_6697-scaled-e1665245121231.jpg\"><img loading=\"lazy\" class=\"alignnone size-thumbnail wp-image-5604\" src=\"http:\/\/media.xn--trdgrd-cuak.ruderus.se\/2022\/10\/IMG_6697-scaled-e1665245121231-150x150.jpg\" alt=\"\" width=\"150\" height=\"150\" \/><\/a> <a href=\"http:\/\/media.xn--trdgrd-cuak.ruderus.se\/2022\/10\/IMG_6698-scaled-e1665245144379.jpg\"><img loading=\"lazy\" class=\"alignnone size-thumbnail wp-image-5605\" src=\"http:\/\/media.xn--trdgrd-cuak.ruderus.se\/2022\/10\/IMG_6698-scaled-e1665245144379-150x150.jpg\" alt=\"\" width=\"150\" height=\"150\" \/><\/a><\/p>\n<p><strong>L\u00f6r 16 april &#8211; p\u00e5skafton<\/strong><br \/>\nVi undrar vem som gjort dessa sp\u00e5r p\u00e5 uppfarten? I v\u00e4xthuset \u00e4r det en hel del saltavlagringar p\u00e5 stenl\u00e4ggningen. Vi st\u00e4dar upp och b\u00f6rjar f\u00f6rbereda v\u00e4xthuset p\u00e5 den kommande s\u00e4songen.<br \/>\n<a href=\"http:\/\/media.xn--trdgrd-cuak.ruderus.se\/2022\/10\/IMG_6683-scaled-e1665244253305.jpg\"><img loading=\"lazy\" class=\"alignnone size-thumbnail wp-image-5599\" src=\"http:\/\/media.xn--trdgrd-cuak.ruderus.se\/2022\/10\/IMG_6683-scaled-e1665244253305-150x150.jpg\" alt=\"\" width=\"150\" height=\"150\" \/><\/a> <a href=\"http:\/\/media.xn--trdgrd-cuak.ruderus.se\/2022\/10\/IMG_6685-scaled-e1665244575539.jpg\"><img loading=\"lazy\" class=\"alignnone size-thumbnail wp-image-5600\" src=\"http:\/\/media.xn--trdgrd-cuak.ruderus.se\/2022\/10\/IMG_6685-scaled-e1665244575539-150x150.jpg\" alt=\"\" width=\"150\" height=\"150\" \/> <\/a><a href=\"http:\/\/media.xn--trdgrd-cuak.ruderus.se\/2022\/10\/IMG_6691-scaled-e1665244753164.jpg\"><img loading=\"lazy\" class=\"alignnone size-thumbnail wp-image-5601\" src=\"http:\/\/media.xn--trdgrd-cuak.ruderus.se\/2022\/10\/IMG_6691-scaled-e1665244753164-150x150.jpg\" alt=\"\" width=\"150\" height=\"150\" \/><\/a><\/p>\n<p><strong>Tors 14 april<\/strong><br \/>\nTulpanerna tittar upp tidigt, k\u00e4nns det som!<br \/>\n<a href=\"http:\/\/media.xn--trdgrd-cuak.ruderus.se\/2022\/10\/IMG_6679-scaled-e1665244067947.jpg\"><img loading=\"lazy\" class=\"alignnone size-thumbnail wp-image-5597\" src=\"http:\/\/media.xn--trdgrd-cuak.ruderus.se\/2022\/10\/IMG_6679-scaled-e1665244067947-150x150.jpg\" alt=\"\" width=\"150\" height=\"150\" \/><\/a><\/p>\n<p><strong>Fre 25 mars<\/strong><br \/>\n<a href=\"http:\/\/media.xn--trdgrd-cuak.ruderus.se\/2022\/10\/IMG_6607-scaled-e1665243876354.jpg\"><img loading=\"lazy\" class=\"alignnone size-thumbnail wp-image-5596\" src=\"http:\/\/media.xn--trdgrd-cuak.ruderus.se\/2022\/10\/IMG_6607-scaled-e1665243876354-150x150.jpg\" alt=\"\" width=\"150\" height=\"150\" \/><\/a><\/p>\n<p><strong>Tors 24 mars<\/strong><br \/>\nDet \u00e4r lika h\u00e4nf\u00f6rande varje \u00e5r!<br \/>\n<a href=\"http:\/\/media.xn--trdgrd-cuak.ruderus.se\/2022\/04\/IMG_6597-scaled-e1648991934921.jpg\"><img loading=\"lazy\" class=\"alignnone size-thumbnail wp-image-5592\" src=\"http:\/\/media.xn--trdgrd-cuak.ruderus.se\/2022\/04\/IMG_6597-150x150.jpg\" alt=\"\" width=\"150\" height=\"150\" \/><\/a><\/p>\n<p><strong>M\u00e5n 21 mars<\/strong><br \/>\nVi har bes\u00f6k av grannens ankor \u00e4nda uppe vid huset, vilket \u00e4r mindre trevligt d\u00e5 de l\u00e4mnar en del efter sig, s\u00e5 att s\u00e4ga. Men s\u00e5 l\u00e4nge se h\u00e5ller sig nere kring b\u00e4cken \u00e4r de mer \u00e4n v\u00e4lkomna. Vi planterar om pelargonerna som \u00e4n s\u00e5 l\u00e4nge f\u00e5r bo kvar i garaget, och vi flyttar ut lite gurk- och tomatplantor i verkstaden d\u00e4r det \u00e4r svalare.<br \/>\n<a href=\"http:\/\/media.xn--trdgrd-cuak.ruderus.se\/2022\/04\/IMG_6581-scaled-e1648991625804.jpg\"><img loading=\"lazy\" class=\"alignnone size-thumbnail wp-image-5585\" src=\"http:\/\/media.xn--trdgrd-cuak.ruderus.se\/2022\/04\/IMG_6581-150x150.jpg\" alt=\"\" width=\"150\" height=\"150\" \/><\/a> <a href=\"http:\/\/media.xn--trdgrd-cuak.ruderus.se\/2022\/04\/IMG_6582-scaled-e1648991635133.jpg\"><img loading=\"lazy\" class=\"alignnone size-thumbnail wp-image-5586\" src=\"http:\/\/media.xn--trdgrd-cuak.ruderus.se\/2022\/04\/IMG_6582-150x150.jpg\" alt=\"\" width=\"150\" height=\"150\" \/> <\/a><a href=\"http:\/\/media.xn--trdgrd-cuak.ruderus.se\/2022\/04\/IMG_6589-scaled-e1648991780442.jpg\"><img loading=\"lazy\" class=\"alignnone size-thumbnail wp-image-5588\" src=\"http:\/\/media.xn--trdgrd-cuak.ruderus.se\/2022\/04\/IMG_6589-150x150.jpg\" alt=\"\" width=\"150\" height=\"150\" \/><\/a><a href=\"http:\/\/media.xn--trdgrd-cuak.ruderus.se\/2022\/04\/IMG_6590-scaled-e1648991787359.jpg\"> <img loading=\"lazy\" class=\"alignnone size-thumbnail wp-image-5589\" src=\"http:\/\/media.xn--trdgrd-cuak.ruderus.se\/2022\/04\/IMG_6590-150x150.jpg\" alt=\"\" width=\"150\" height=\"150\" \/><\/a><a href=\"http:\/\/media.xn--trdgrd-cuak.ruderus.se\/2022\/04\/IMG_6591-scaled-e1648991795434.jpg\"><img loading=\"lazy\" class=\"alignnone size-thumbnail wp-image-5590\" src=\"http:\/\/media.xn--trdgrd-cuak.ruderus.se\/2022\/04\/IMG_6591-150x150.jpg\" alt=\"\" width=\"150\" height=\"150\" \/><\/a><\/p>\n<p><strong>L\u00f6r 12 mars<\/strong><br \/>\nKrokusar och sn\u00f6droppar &#8211; v\u00e5ren \u00e4r h\u00e4r! Krokusarna f\u00e5r st\u00e5 n\u00e5gon vecka innan r\u00e5djuren hittar dem och allt \u00e4r j\u00e4mnat med marken.<br \/>\n<a href=\"http:\/\/media.xn--trdgrd-cuak.ruderus.se\/2022\/04\/IMG_6536-scaled-e1648991508576.jpg\"><img loading=\"lazy\" class=\"alignnone size-thumbnail wp-image-5582\" src=\"http:\/\/media.xn--trdgrd-cuak.ruderus.se\/2022\/04\/IMG_6536-150x150.jpg\" alt=\"\" width=\"150\" height=\"150\" \/><\/a> <a href=\"http:\/\/media.xn--trdgrd-cuak.ruderus.se\/2022\/04\/IMG_6537-scaled-e1648991517108.jpg\"><img loading=\"lazy\" class=\"alignnone size-thumbnail wp-image-5583\" src=\"http:\/\/media.xn--trdgrd-cuak.ruderus.se\/2022\/04\/IMG_6537-150x150.jpg\" alt=\"\" width=\"150\" height=\"150\" \/><\/a><\/p>\n<p><strong>M\u00e5n 7 mars<\/strong><br \/>\nSolen skiner, \u00e4ven om det fortfarande \u00e4r ganska kallt. Tulpanblad b\u00f6rjar titta upp i rabatten, och r\u00e5djuren har mumsat p\u00e5 j\u00e4rneken! I v\u00e4xthuset \u00e4r det saltavlagring p\u00e5 golvet..<br \/>\n<a href=\"http:\/\/media.xn--trdgrd-cuak.ruderus.se\/2022\/04\/IMG_6522-scaled-e1648991180332.jpg\"><img loading=\"lazy\" class=\"alignnone size-thumbnail wp-image-5577\" src=\"http:\/\/media.xn--trdgrd-cuak.ruderus.se\/2022\/04\/IMG_6522-150x150.jpg\" alt=\"\" width=\"150\" height=\"150\" \/><\/a> <a href=\"http:\/\/media.xn--trdgrd-cuak.ruderus.se\/2022\/04\/IMG_6526-scaled-e1648991219703.jpg\"><img loading=\"lazy\" class=\"alignnone size-thumbnail wp-image-5578\" src=\"http:\/\/media.xn--trdgrd-cuak.ruderus.se\/2022\/04\/IMG_6526-150x150.jpg\" alt=\"\" width=\"150\" height=\"150\" \/><\/a> <a href=\"http:\/\/media.xn--trdgrd-cuak.ruderus.se\/2022\/04\/IMG_6528-scaled-e1648991253297.jpg\"><img loading=\"lazy\" class=\"alignnone size-thumbnail wp-image-5579\" src=\"http:\/\/media.xn--trdgrd-cuak.ruderus.se\/2022\/04\/IMG_6528-150x150.jpg\" alt=\"\" width=\"150\" height=\"150\" \/><\/a> <a href=\"http:\/\/media.xn--trdgrd-cuak.ruderus.se\/2022\/04\/IMG_6529-scaled-e1648991266434.jpg\"><img loading=\"lazy\" class=\"alignnone size-thumbnail wp-image-5580\" src=\"http:\/\/media.xn--trdgrd-cuak.ruderus.se\/2022\/04\/IMG_6529-150x150.jpg\" alt=\"\" width=\"150\" height=\"150\" \/><\/a><\/p>\n<p><strong>Fredag 4 mars<\/strong><br \/>\nDags att s\u00e4tta gurkor i lite st\u00f6rre krukor!<br \/>\n<a href=\"http:\/\/media.xn--trdgrd-cuak.ruderus.se\/2022\/04\/IMG_6519-scaled-e1648991103518.jpg\"><img loading=\"lazy\" class=\"alignnone size-thumbnail wp-image-5575\" src=\"http:\/\/media.xn--trdgrd-cuak.ruderus.se\/2022\/04\/IMG_6519-150x150.jpg\" alt=\"\" width=\"150\" height=\"150\" \/><\/a><\/p>\n<p><strong>S\u00f6n 13 februari<\/strong><br \/>\n\u00c4ntligen dags f\u00f6r att starta \u00e5rets odling! Lite gurk- och tomatfr\u00f6er kommer ner i jorden och placeras i badrummets v\u00e4rme med extra belysning. De paprikafr\u00f6er som s\u00e5tts f\u00f6r n\u00e5gra veckor sedan b\u00f6rjar komma upp!<br \/>\n<a href=\"http:\/\/media.xn--trdgrd-cuak.ruderus.se\/2022\/04\/IMG_6485-scaled-e1648990933517.jpg\"><img loading=\"lazy\" class=\"alignnone size-thumbnail wp-image-5572\" src=\"http:\/\/media.xn--trdgrd-cuak.ruderus.se\/2022\/04\/IMG_6485-150x150.jpg\" alt=\"\" width=\"150\" height=\"150\" \/><\/a> <a href=\"http:\/\/media.xn--trdgrd-cuak.ruderus.se\/2022\/04\/IMG_6486-scaled-e1648990947810.jpg\"><img loading=\"lazy\" class=\"alignnone size-thumbnail wp-image-5573\" src=\"http:\/\/media.xn--trdgrd-cuak.ruderus.se\/2022\/04\/IMG_6486-150x150.jpg\" alt=\"\" width=\"150\" height=\"150\" \/><\/a><\/p>\n<p>&nbsp;<\/p>\n<p>&nbsp;<\/p>\n","protected":false},"excerpt":{"rendered":"<p>L\u00f6rdag 4 juni N\u00e5gra &#8221;f\u00f6re&#8221;-bilder p\u00e5 rabatten. Nu s\u00e4tter vi ig\u00e5ng! Fredag 3 juni Gurka! Vi vet det inte nu, men det ska komma att bli ett gurk-\u00e5r utan dess like! Vi kommer att i desperation dela ut gurkor till &hellip; <a href=\"https:\/\/xn--trdgrd-cuak.ruderus.se\/?page_id=5566\">Forts\u00e4tt l\u00e4sa <span class=\"meta-nav\">&rarr;<\/span><\/a><\/p>\n","protected":false},"author":1,"featured_media":0,"parent":0,"menu_order":0,"comment_status":"closed","ping_status":"closed","template":"","meta":[],"_links":{"self":[{"href":"https:\/\/xn--trdgrd-cuak.ruderus.se\/index.php?rest_route=\/wp\/v2\/pages\/5566"}],"collection":[{"href":"https:\/\/xn--trdgrd-cuak.ruderus.se\/index.php?rest_route=\/wp\/v2\/pages"}],"about":[{"href":"https:\/\/xn--trdgrd-cuak.ruderus.se\/index.php?rest_route=\/wp\/v2\/types\/page"}],"author":[{"embeddable":true,"href":"https:\/\/xn--trdgrd-cuak.ruderus.se\/index.php?rest_route=\/wp\/v2\/users\/1"}],"replies":[{"embeddable":true,"href":"https:\/\/xn--trdgrd-cuak.ruderus.se\/index.php?rest_route=%2Fwp%2Fv2%2Fcomments&post=5566"}],"version-history":[{"count":26,"href":"https:\/\/xn--trdgrd-cuak.ruderus.se\/index.php?rest_route=\/wp\/v2\/pages\/5566\/revisions"}],"predecessor-version":[{"id":5641,"href":"https:\/\/xn--trdgrd-cuak.ruderus.se\/index.php?rest_route=\/wp\/v2\/pages\/5566\/revisions\/5641"}],"wp:attachment":[{"href":"https:\/\/xn--trdgrd-cuak.ruderus.se\/index.php?rest_route=%2Fwp%2Fv2%2Fmedia&parent=5566"}],"curies":[{"name":"wp","href":"https:\/\/api.w.org\/{rel}","templated":true}]}}