{"id":5642,"date":"2023-04-03T15:20:21","date_gmt":"2023-04-03T15:20:21","guid":{"rendered":"https:\/\/xn--trdgrd-cuak.ruderus.se\/?page_id=5642"},"modified":"2023-04-03T15:44:12","modified_gmt":"2023-04-03T15:44:12","slug":"2023-2","status":"publish","type":"page","link":"https:\/\/xn--trdgrd-cuak.ruderus.se\/?page_id=5642","title":{"rendered":"2023"},"content":{"rendered":"<p><strong>M\u00e5n 3 april<\/strong><br \/>\nVi har f\u00e5tt tips om en duktig tr\u00e4df\u00e4llare som ska hj\u00e4lpa oss att ta ner tv\u00e5 aspar. Det \u00e4r fortfarande ganska kallt med minusgrader p\u00e5 n\u00e4tterna. April m\u00e5nad f\u00e5r vi \u00e4gna oss \u00e5t att klyva ved och l\u00e4gga upp inf\u00f6r kommande vinter.<br \/>\n<a href=\"http:\/\/media.xn--trdgrd-cuak.ruderus.se\/2023\/04\/IMG_8681-scaled-e1680536597563.jpg\"><img loading=\"lazy\" class=\"alignnone size-thumbnail wp-image-5661\" src=\"http:\/\/media.xn--trdgrd-cuak.ruderus.se\/2023\/04\/IMG_8681-scaled-e1680536597563-150x150.jpg\" alt=\"\" width=\"150\" height=\"150\" \/><\/a><\/p>\n<p><strong>23 mars<\/strong><br \/>\nOmkring v\u00e5rdagj\u00e4mningen kommer krokusar, sn\u00f6droppar och tussilago p\u00e5 bes\u00f6k. Ett par dagar senare kommer n\u00e4sta sn\u00f6storm indragande med mera nederb\u00f6rd.<br \/>\n<a href=\"http:\/\/media.xn--trdgrd-cuak.ruderus.se\/2023\/04\/IMG_8657-scaled-e1680536393525.jpg\"><img loading=\"lazy\" class=\"alignnone size-thumbnail wp-image-5656\" src=\"http:\/\/media.xn--trdgrd-cuak.ruderus.se\/2023\/04\/IMG_8657-scaled-e1680536393525-150x150.jpg\" alt=\"\" width=\"150\" height=\"150\" \/><\/a> <a href=\"http:\/\/media.xn--trdgrd-cuak.ruderus.se\/2023\/04\/IMG_8658-scaled-e1680536405509.jpg\"><img loading=\"lazy\" class=\"alignnone size-thumbnail wp-image-5657\" src=\"http:\/\/media.xn--trdgrd-cuak.ruderus.se\/2023\/04\/IMG_8658-scaled-e1680536405509-150x150.jpg\" alt=\"\" width=\"150\" height=\"150\" \/><\/a> <a href=\"http:\/\/media.xn--trdgrd-cuak.ruderus.se\/2023\/04\/IMG_8659-scaled-e1680536415473.jpg\"><img loading=\"lazy\" class=\"alignnone size-thumbnail wp-image-5658\" src=\"http:\/\/media.xn--trdgrd-cuak.ruderus.se\/2023\/04\/IMG_8659-scaled-e1680536415473-150x150.jpg\" alt=\"\" width=\"150\" height=\"150\" \/><\/a> <a href=\"http:\/\/media.xn--trdgrd-cuak.ruderus.se\/2023\/04\/IMG_8660-scaled-e1680536472725.jpg\"><img loading=\"lazy\" class=\"alignnone size-thumbnail wp-image-5659\" src=\"http:\/\/media.xn--trdgrd-cuak.ruderus.se\/2023\/04\/IMG_8660-scaled-e1680536472725-150x150.jpg\" alt=\"\" width=\"150\" height=\"150\" \/><\/a><\/p>\n<p><strong>Fre 17 mars<\/strong><br \/>\nNya fr\u00f6er anl\u00e4nder. Den f\u00f6rsta s\u00e5dden \u00e5kte ner i jord i slutet p\u00e5 januari, och det som nu planteras om flyttar ut i verkstaden. D\u00e4r har v\u00e4rmepumpen lagt av och vi f\u00e5r k\u00f6ra med v\u00e4rmefl\u00e4kt tills vidare.<br \/>\n<a href=\"http:\/\/media.xn--trdgrd-cuak.ruderus.se\/2023\/04\/IMG_8646-scaled-e1680536099212.jpg\"><img loading=\"lazy\" class=\"alignnone size-thumbnail wp-image-5653\" src=\"http:\/\/media.xn--trdgrd-cuak.ruderus.se\/2023\/04\/IMG_8646-scaled-e1680536099212-150x150.jpg\" alt=\"\" width=\"150\" height=\"150\" \/><\/a> <a href=\"http:\/\/media.xn--trdgrd-cuak.ruderus.se\/2023\/04\/IMG_8650-scaled-e1680536174922.jpg\"><img loading=\"lazy\" class=\"alignnone size-thumbnail wp-image-5654\" src=\"http:\/\/media.xn--trdgrd-cuak.ruderus.se\/2023\/04\/IMG_8650-scaled-e1680536174922-150x150.jpg\" alt=\"\" width=\"150\" height=\"150\" \/><\/a><\/p>\n<p><strong>Ons 8 mars<\/strong><br \/>\nN\u00e4r sn\u00f6n just t\u00f6at bort kommer det mer.<br \/>\n<a href=\"http:\/\/media.xn--trdgrd-cuak.ruderus.se\/2023\/04\/IMG_8624-scaled-e1680535804648.jpg\"><img loading=\"lazy\" class=\"alignnone size-thumbnail wp-image-5650\" src=\"http:\/\/media.xn--trdgrd-cuak.ruderus.se\/2023\/04\/IMG_8624-scaled-e1680535804648-150x150.jpg\" alt=\"\" width=\"150\" height=\"150\" \/><\/a> <a href=\"http:\/\/media.xn--trdgrd-cuak.ruderus.se\/2023\/04\/IMG_8629-scaled-e1680535912461.jpg\"><img loading=\"lazy\" class=\"alignnone size-thumbnail wp-image-5651\" src=\"http:\/\/media.xn--trdgrd-cuak.ruderus.se\/2023\/04\/IMG_8629-scaled-e1680535912461-150x150.jpg\" alt=\"\" width=\"150\" height=\"150\" \/><\/a><\/p>\n<p><strong>L\u00f6r 7 januari<\/strong><br \/>\nJanuari bjuder p\u00e5 lite sn\u00f6, och det utnyttjas b\u00e5de f\u00f6r skid\u00e5kning och f\u00f6r att g\u00f6ra kattskulptur.<br \/>\n<a href=\"http:\/\/media.xn--trdgrd-cuak.ruderus.se\/2023\/04\/IMG_8397-scaled-e1680535421403.jpg\"><img loading=\"lazy\" class=\"alignnone size-thumbnail wp-image-5648\" src=\"http:\/\/media.xn--trdgrd-cuak.ruderus.se\/2023\/04\/IMG_8397-scaled-e1680535421403-150x150.jpg\" alt=\"\" width=\"150\" height=\"150\" \/><\/a><\/p>\n","protected":false},"excerpt":{"rendered":"<p>M\u00e5n 3 april Vi har f\u00e5tt tips om en duktig tr\u00e4df\u00e4llare som ska hj\u00e4lpa oss att ta ner tv\u00e5 aspar. Det \u00e4r fortfarande ganska kallt med minusgrader p\u00e5 n\u00e4tterna. April m\u00e5nad f\u00e5r vi \u00e4gna oss \u00e5t att klyva ved och &hellip; <a href=\"https:\/\/xn--trdgrd-cuak.ruderus.se\/?page_id=5642\">Forts\u00e4tt l\u00e4sa <span class=\"meta-nav\">&rarr;<\/span><\/a><\/p>\n","protected":false},"author":1,"featured_media":0,"parent":0,"menu_order":0,"comment_status":"closed","ping_status":"closed","template":"","meta":[],"_links":{"self":[{"href":"https:\/\/xn--trdgrd-cuak.ruderus.se\/index.php?rest_route=\/wp\/v2\/pages\/5642"}],"collection":[{"href":"https:\/\/xn--trdgrd-cuak.ruderus.se\/index.php?rest_route=\/wp\/v2\/pages"}],"about":[{"href":"https:\/\/xn--trdgrd-cuak.ruderus.se\/index.php?rest_route=\/wp\/v2\/types\/page"}],"author":[{"embeddable":true,"href":"https:\/\/xn--trdgrd-cuak.ruderus.se\/index.php?rest_route=\/wp\/v2\/users\/1"}],"replies":[{"embeddable":true,"href":"https:\/\/xn--trdgrd-cuak.ruderus.se\/index.php?rest_route=%2Fwp%2Fv2%2Fcomments&post=5642"}],"version-history":[{"count":7,"href":"https:\/\/xn--trdgrd-cuak.ruderus.se\/index.php?rest_route=\/wp\/v2\/pages\/5642\/revisions"}],"predecessor-version":[{"id":5662,"href":"https:\/\/xn--trdgrd-cuak.ruderus.se\/index.php?rest_route=\/wp\/v2\/pages\/5642\/revisions\/5662"}],"wp:attachment":[{"href":"https:\/\/xn--trdgrd-cuak.ruderus.se\/index.php?rest_route=%2Fwp%2Fv2%2Fmedia&parent=5642"}],"curies":[{"name":"wp","href":"https:\/\/api.w.org\/{rel}","templated":true}]}}