{"id":784,"date":"2012-06-26T13:01:23","date_gmt":"2012-06-26T13:01:23","guid":{"rendered":"http:\/\/xn--trdgrd-cuak.ruderus.se\/?page_id=784"},"modified":"2013-05-15T14:59:46","modified_gmt":"2013-05-15T14:59:46","slug":"start","status":"publish","type":"page","link":"https:\/\/xn--trdgrd-cuak.ruderus.se\/","title":{"rendered":"Start"},"content":{"rendered":"<p>V\u00e4lkommen till Rud\u00e9rus dr\u00f6mtr\u00e4dg\u00e5rd.<\/p>\n<p>H\u00e4r publicerar vi d\u00e5 och d\u00e5 vad som h\u00e4nder i v\u00e5r tr\u00e4dg\u00e5rd.<\/p>\n<p>N\u00e4stan alla bilder kan f\u00f6rstoras genom att man klickar p\u00e5 bilden. Backa sedan f\u00f6r att komma tillbaka d\u00e4r du var.<\/p>\n<p>Under respektive \u00e5rtal finns alla inl\u00e4gg f\u00f6r \u00e5ret i kronologisk ordning. Under innevarande \u00e5r ligger de senast inl\u00e4ggen \u00f6verst.<\/p>\n<p>H\u00e4r och var finns det underrrubriker f\u00f6r olika projekt som vi har gjort eller h\u00e5ller p\u00e5 med \u2013 t ex Garagebygget under 2012.<\/p>\n<p>Mycket n\u00f6je!<\/p>\n","protected":false},"excerpt":{"rendered":"<p>V\u00e4lkommen till Rud\u00e9rus dr\u00f6mtr\u00e4dg\u00e5rd. H\u00e4r publicerar vi d\u00e5 och d\u00e5 vad som h\u00e4nder i v\u00e5r tr\u00e4dg\u00e5rd. N\u00e4stan alla bilder kan f\u00f6rstoras genom att man klickar p\u00e5 bilden. Backa sedan f\u00f6r att komma tillbaka d\u00e4r du var. Under respektive \u00e5rtal finns &hellip; <a href=\"https:\/\/xn--trdgrd-cuak.ruderus.se\/\">Forts\u00e4tt l\u00e4sa <span class=\"meta-nav\">&rarr;<\/span><\/a><\/p>\n","protected":false},"author":1,"featured_media":0,"parent":0,"menu_order":0,"comment_status":"closed","ping_status":"closed","template":"","meta":[],"_links":{"self":[{"href":"https:\/\/xn--trdgrd-cuak.ruderus.se\/index.php?rest_route=\/wp\/v2\/pages\/784"}],"collection":[{"href":"https:\/\/xn--trdgrd-cuak.ruderus.se\/index.php?rest_route=\/wp\/v2\/pages"}],"about":[{"href":"https:\/\/xn--trdgrd-cuak.ruderus.se\/index.php?rest_route=\/wp\/v2\/types\/page"}],"author":[{"embeddable":true,"href":"https:\/\/xn--trdgrd-cuak.ruderus.se\/index.php?rest_route=\/wp\/v2\/users\/1"}],"replies":[{"embeddable":true,"href":"https:\/\/xn--trdgrd-cuak.ruderus.se\/index.php?rest_route=%2Fwp%2Fv2%2Fcomments&post=784"}],"version-history":[{"count":9,"href":"https:\/\/xn--trdgrd-cuak.ruderus.se\/index.php?rest_route=\/wp\/v2\/pages\/784\/revisions"}],"predecessor-version":[{"id":1720,"href":"https:\/\/xn--trdgrd-cuak.ruderus.se\/index.php?rest_route=\/wp\/v2\/pages\/784\/revisions\/1720"}],"wp:attachment":[{"href":"https:\/\/xn--trdgrd-cuak.ruderus.se\/index.php?rest_route=%2Fwp%2Fv2%2Fmedia&parent=784"}],"curies":[{"name":"wp","href":"https:\/\/api.w.org\/{rel}","templated":true}]}}